{"id":157,"date":"2019-05-13T15:32:30","date_gmt":"2019-05-13T13:32:30","guid":{"rendered":"https:\/\/ozdent.sk\/?page_id=157"},"modified":"2022-12-12T11:18:34","modified_gmt":"2022-12-12T10:18:34","slug":"cennik","status":"publish","type":"page","link":"https:\/\/ozdent.sk\/hu\/cennik\/","title":{"rendered":"\u00c1rlista"},"content":{"rendered":"<h1><span style=\"color: #00a0e3;\">Cenn\u00edk slu\u017eieb<\/span><\/h1>\n<div class=\"row\"  id=\"row-1159488539\">\n\n\t<div id=\"col-1107122625\" class=\"col small-12 large-12\"  >\n\t\t\t\t<div class=\"col-inner\"  >\n\t\t\t\n\t\t\t\n<div class=\"_df_book df-lite\" id=\"df_196\"  _slug=\"196\" data-title=\"cennik-2021\" wpoptions=\"true\" thumbtype=\"\" ><\/div><script class=\"df-shortcode-script\" nowprocket type=\"application\/javascript\">window.option_df_196 = {\"outline\":[],\"autoEnableOutline\":\"false\",\"autoEnableThumbnail\":\"false\",\"overwritePDFOutline\":\"false\",\"direction\":\"1\",\"pageSize\":\"0\",\"source\":\"https:\\\/\\\/ozdent.sk\\\/wp-content\\\/uploads\\\/2022\\\/12\\\/CENNIK_OZDENT_01042021.pdf\",\"wpOptions\":\"true\"}; if(window.DFLIP && window.DFLIP.parseBooks){window.DFLIP.parseBooks();}<\/script>\n\t\t<\/div>\n\t\t\t\t\t<\/div>\n\n\t\n<\/div>","protected":false},"excerpt":{"rendered":"<p>Cenn\u00edk slu\u017eieb<\/p>","protected":false},"author":1,"featured_media":0,"parent":0,"menu_order":0,"comment_status":"closed","ping_status":"closed","template":"","meta":{"inline_featured_image":false,"footnotes":""},"class_list":["post-157","page","type-page","status-publish","hentry"],"yoast_head":"<!-- This site is optimized with the Yoast SEO plugin v24.6 - https:\/\/yoast.com\/wordpress\/plugins\/seo\/ -->\n<title>Cenn\u00edk - OZDENT<\/title>\n<meta name=\"robots\" content=\"index, follow, max-snippet:-1, max-image-preview:large, max-video-preview:-1\" \/>\n<link rel=\"canonical\" href=\"https:\/\/ozdent.sk\/hu\/cennik\/\" \/>\n<meta property=\"og:locale\" content=\"hu_HU\" \/>\n<meta property=\"og:type\" content=\"article\" \/>\n<meta property=\"og:title\" content=\"Cenn\u00edk - OZDENT\" \/>\n<meta property=\"og:description\" content=\"Cenn\u00edk slu\u017eieb\" \/>\n<meta property=\"og:url\" content=\"https:\/\/ozdent.sk\/hu\/cennik\/\" \/>\n<meta property=\"og:site_name\" content=\"OZDENT\" \/>\n<meta property=\"article:modified_time\" content=\"2022-12-12T10:18:34+00:00\" \/>\n<meta name=\"twitter:card\" content=\"summary_large_image\" \/>\n<script type=\"application\/ld+json\" class=\"yoast-schema-graph\">{\"@context\":\"https:\/\/schema.org\",\"@graph\":[{\"@type\":\"WebPage\",\"@id\":\"https:\/\/ozdent.sk\/cennik\/\",\"url\":\"https:\/\/ozdent.sk\/cennik\/\",\"name\":\"Cenn\u00edk - OZDENT\",\"isPartOf\":{\"@id\":\"https:\/\/ozdent.sk\/#website\"},\"datePublished\":\"2019-05-13T13:32:30+00:00\",\"dateModified\":\"2022-12-12T10:18:34+00:00\",\"breadcrumb\":{\"@id\":\"https:\/\/ozdent.sk\/cennik\/#breadcrumb\"},\"inLanguage\":\"hu\",\"potentialAction\":[{\"@type\":\"ReadAction\",\"target\":[\"https:\/\/ozdent.sk\/cennik\/\"]}]},{\"@type\":\"BreadcrumbList\",\"@id\":\"https:\/\/ozdent.sk\/cennik\/#breadcrumb\",\"itemListElement\":[{\"@type\":\"ListItem\",\"position\":1,\"name\":\"Home\",\"item\":\"https:\/\/ozdent.sk\/\"},{\"@type\":\"ListItem\",\"position\":2,\"name\":\"Cenn\u00edk\"}]},{\"@type\":\"WebSite\",\"@id\":\"https:\/\/ozdent.sk\/#website\",\"url\":\"https:\/\/ozdent.sk\/\",\"name\":\"OZDENT\",\"description\":\"\",\"potentialAction\":[{\"@type\":\"SearchAction\",\"target\":{\"@type\":\"EntryPoint\",\"urlTemplate\":\"https:\/\/ozdent.sk\/?s={search_term_string}\"},\"query-input\":{\"@type\":\"PropertyValueSpecification\",\"valueRequired\":true,\"valueName\":\"search_term_string\"}}],\"inLanguage\":\"hu\"}]}<\/script>\n<!-- \/ Yoast SEO plugin. -->","yoast_head_json":{"title":"Cenn\u00edk - OZDENT","robots":{"index":"index","follow":"follow","max-snippet":"max-snippet:-1","max-image-preview":"max-image-preview:large","max-video-preview":"max-video-preview:-1"},"canonical":"https:\/\/ozdent.sk\/hu\/cennik\/","og_locale":"hu_HU","og_type":"article","og_title":"Cenn\u00edk - OZDENT","og_description":"Cenn\u00edk slu\u017eieb","og_url":"https:\/\/ozdent.sk\/hu\/cennik\/","og_site_name":"OZDENT","article_modified_time":"2022-12-12T10:18:34+00:00","twitter_card":"summary_large_image","schema":{"@context":"https:\/\/schema.org","@graph":[{"@type":"WebPage","@id":"https:\/\/ozdent.sk\/cennik\/","url":"https:\/\/ozdent.sk\/cennik\/","name":"Cenn\u00edk - OZDENT","isPartOf":{"@id":"https:\/\/ozdent.sk\/#website"},"datePublished":"2019-05-13T13:32:30+00:00","dateModified":"2022-12-12T10:18:34+00:00","breadcrumb":{"@id":"https:\/\/ozdent.sk\/cennik\/#breadcrumb"},"inLanguage":"hu","potentialAction":[{"@type":"ReadAction","target":["https:\/\/ozdent.sk\/cennik\/"]}]},{"@type":"BreadcrumbList","@id":"https:\/\/ozdent.sk\/cennik\/#breadcrumb","itemListElement":[{"@type":"ListItem","position":1,"name":"Home","item":"https:\/\/ozdent.sk\/"},{"@type":"ListItem","position":2,"name":"Cenn\u00edk"}]},{"@type":"WebSite","@id":"https:\/\/ozdent.sk\/#website","url":"https:\/\/ozdent.sk\/","name":"OZDENT","description":"","potentialAction":[{"@type":"SearchAction","target":{"@type":"EntryPoint","urlTemplate":"https:\/\/ozdent.sk\/?s={search_term_string}"},"query-input":{"@type":"PropertyValueSpecification","valueRequired":true,"valueName":"search_term_string"}}],"inLanguage":"hu"}]}},"_links":{"self":[{"href":"https:\/\/ozdent.sk\/hu\/wp-json\/wp\/v2\/pages\/157","targetHints":{"allow":["GET"]}}],"collection":[{"href":"https:\/\/ozdent.sk\/hu\/wp-json\/wp\/v2\/pages"}],"about":[{"href":"https:\/\/ozdent.sk\/hu\/wp-json\/wp\/v2\/types\/page"}],"author":[{"embeddable":true,"href":"https:\/\/ozdent.sk\/hu\/wp-json\/wp\/v2\/users\/1"}],"replies":[{"embeddable":true,"href":"https:\/\/ozdent.sk\/hu\/wp-json\/wp\/v2\/comments?post=157"}],"version-history":[{"count":6,"href":"https:\/\/ozdent.sk\/hu\/wp-json\/wp\/v2\/pages\/157\/revisions"}],"predecessor-version":[{"id":201,"href":"https:\/\/ozdent.sk\/hu\/wp-json\/wp\/v2\/pages\/157\/revisions\/201"}],"wp:attachment":[{"href":"https:\/\/ozdent.sk\/hu\/wp-json\/wp\/v2\/media?parent=157"}],"curies":[{"name":"wp","href":"https:\/\/api.w.org\/{rel}","templated":true}]}}